{"id":2345,"date":"2024-01-21T17:20:42","date_gmt":"2024-01-21T20:20:42","guid":{"rendered":"https:\/\/smartenergybrasil.com.br\/home\/bateria-de-litio\/?post_type=product&#038;p=2345"},"modified":"2026-03-03T20:48:33","modified_gmt":"2026-03-03T23:48:33","slug":"bateria-de-litio-12-8v-200ah","status":"publish","type":"product","link":"https:\/\/smartenergybrasil.com.br\/home\/bateria-de-litio\/produto\/bateria-de-litio-12-8v-200ah\/","title":{"rendered":"Bateria L\u00edtio 12.8V 200Ah (Estoque no Brasil)"},"content":{"rendered":"<h1>Bateria de L\u00edtio 12.8V 200Ah\u00a0para Motorhomes, Lanchas e Aplica\u00e7\u00f5es Solares On e Off-Grid<\/h1>\n<p>Bateria de L\u00edtio 12.8V 200Ah de \u00faltima tecnologia (L\u00edtio, Ferro e Fosfato) foi pensada para Clientes que desejam um produto vers\u00e1til para atender todas as suas necessidades energ\u00e9ticas sem a preocupa\u00e7\u00e3o com controle de carga e durabilidade de suas baterias.<\/p>\n<p>Equipadas com BMS (Battery Management System) dispensa qualquer necessidade de controle e ajustes para seu desempenho superior e garantia de uma opera\u00e7\u00e3o segura.<\/p>\n<p>O BMS da Bateria de L\u00edtio 12.8V 200Ah Smart Energy Brasil \u00e9 equipado com comunica\u00e7\u00e3o por Bluetooth para visualiza\u00e7\u00e3o em tempo real, atrav\u00e9s de seu Smartphone, do n\u00edvel de carga e muitas outras informa\u00e7\u00f5es adicionais como temperatura, consumo instant\u00e2neo. Este sistema tamb\u00e9m possui o recurso de visualiza\u00e7\u00e3o do perfil de carga e descarga di\u00e1rios atrav\u00e9s de gr\u00e1ficos que podem ser analisados facilmente atrav\u00e9s do aplicativo.<\/p>\n<p>Est\u00e3o programadas para opera\u00e7\u00e3o em S\u00e9rie ou Paralelo. Utilize em sistemas de 24V ou 48V ou em sistemas maiores que 100Ah.<\/p>\n<h3>Bateria de L\u00edtio 12.8V 200Ah tem Alta Capacidade Energ\u00e9tica;<\/h3>\n<p>Prontas para descargas ultra profundas de at\u00e9 90% sem redu\u00e7\u00e3o significativa da sua vida \u00fatil, as Baterias de L\u00edtio da Smart Energy Brasil aliam capacidade e confiabilidade energ\u00e9tica, <a href=\"https:\/\/youtu.be\/bEMRqdyAwBs\"><strong>fornecendo at\u00e9 3X mais carga que uma bateria estacion\u00e1ria<\/strong><\/a>.<\/p>\n<h3>Longa Durabilidade;<\/h3>\n<p>Elaboradas com c\u00e9lulas prism\u00e1ticas de alta qualidade (A-GRADE) que est\u00e3o preparadas para uma vida \u00fatil maior que 5000 ciclos de descarga, o que corresponde a uma <strong>durabilidade entre 10 e 20 anos<\/strong>, o que \u00e9 <a href=\"https:\/\/youtu.be\/bEMRqdyAwBs\"><strong>mais que 4X a vida \u00fatil de uma bateria estacion\u00e1ria comum<\/strong>.<\/a><\/p>\n<h3>Bateria de L\u00edtio 12.8V 200Ah \u00e9 Leve;<\/h3>\n<p>Bateria de L\u00edtio \u00e9 ultra leve possui apenas 15 Kg de peso e uma densidade energ\u00e9tica de 80 Wh \/ Kg,<strong>\u00a05X maior<\/strong> que uma bateria tradicional.<\/p>\n<h3>Segura e Confi\u00e1vel;<\/h3>\n<p>Constru\u00edda com <strong>BMS dedicado,<\/strong> j\u00e1 instalado, a Bateria de L\u00edtio SEB (Smart Energy Brasil) \u00e9 mais segura que as baterias tradicionais. O BMS est\u00e1 configurado com <strong>diversas prote\u00e7\u00f5es para aumentar a Seguran\u00e7a e a Confiabilidade de sua opera\u00e7\u00e3o<\/strong>. Veja a seguir algumas destas prote\u00e7\u00f5es:<\/p>\n<ul>\n<li><strong>Prote\u00e7\u00e3o de temperatura alta e baixa;<\/strong><\/li>\n<li><strong>Prote\u00e7\u00e3o de tens\u00e3o alta e baixa;<\/strong><\/li>\n<li><strong>Prote\u00e7\u00e3o de curto-circuito;<\/strong><\/li>\n<li><strong>Prote\u00e7\u00e3o de sobre corrente;\u00a0<\/strong><\/li>\n<\/ul>\n<p>Estas prote\u00e7\u00f5es n\u00e3o existem nas Baterias Estacion\u00e1rias.<\/p>\n<h3><strong>Eficientes;<\/strong><\/h3>\n<p>Possuem <strong>alta efici\u00eancia de convers\u00e3o de carga e descarga, 95% de efici\u00eancia, <\/strong>o que se traduz em um aproveitamento muito superior do sistema de carregamento solar ou el\u00e9trico instalado e uma maior disponibilidade de energia durante seu descarregamento.<\/p>\n<p>As Bateria de L\u00edtio 12.8V 200Ah podem ser recarregadas em qualquer n\u00edvel de carga, em suma, n\u00e3o possuem efeito mem\u00f3ria resultando em uma <strong>elevada Vida \u00datil.<\/strong><\/p>\n<h3>Ecol\u00f3gicas;<\/h3>\n<p>N\u00e3o agridem o meio ambiente, n\u00e3o utilizam metais de terras raras. N\u00e3o libera gases t\u00f3xicos ou corrosivos em seu funcionamento s\u00e3o totalmente seladas.<\/p>\n<h3>F\u00e1cil Instala\u00e7\u00e3o;<\/h3>\n<p>Nossas Baterias de L\u00edtio possuem as mesmas dimens\u00f5es das baterias comuns, facilitando sua instala\u00e7\u00e3o e fixa\u00e7\u00e3o. Prontas para uso!<\/p>\n<p>Instale em qualquer posi\u00e7\u00e3o de montagem, isto a torna mais vers\u00e1til para aproveitamento de espa\u00e7os em uma montagem compacta.<\/p>\n<h3>Informa\u00e7\u00f5es T\u00e9cnicas da Bateria de L\u00edtio 12.8V 200Ah<\/h3>\n<ul>\n<li>Com BMS e controle por Bluetooth instalado<\/li>\n<li>Tens\u00e3o: 12,8 Volts<\/li>\n<li>Capacidade: 200 Ah ou 2560Wh<\/li>\n<li>Vida \u00datil Projetada &gt; 5000 ciclos a 80% DOD (Profundidade de Descarga), entre 10 a 20 anos<\/li>\n<li>Efici\u00eancia de Carga: 100% a 0,2C<\/li>\n<li>Efici\u00eancia de Descarga: 96% a 99% a 1C<\/li>\n<li>Tens\u00e3o no Modo de Carga: 14,6V \u00b1 0,2V<\/li>\n<li>Tens\u00e3o de Corte de Carga: 14,8V \u00b1 0,2V<\/li>\n<li>Tens\u00e3o de Corte de Descarga: 10V<\/li>\n<li>Corrente Recomendada de Carga: 40A<\/li>\n<li>Corrente m\u00e1xima de Carga: 100A<\/li>\n<li>Corrente m\u00e1xima de Descarga Cont\u00ednua: 200A<\/li>\n<li>Temperatura de Carga: 0\u00baC a 45\u00baC<\/li>\n<li>Temperatura de Descarga -20\u00baC a 55\u00baC<\/li>\n<li>Dimens\u00f5es do Produto: 522 x 240 x 218 mm (C x P x A)<\/li>\n<\/ul>\n<p>Peso 32Kg<\/p>\n<p>Oferecemos uma garantia de 3 anos no Brasil pela Smart Energy Brasil!<\/p>\n<h5>Observa\u00e7\u00e3o:<\/h5>\n<p>Estas Baterias n\u00e3o est\u00e3o projetadas para uso em arranque de motores veiculares.<\/p>\n<p>\u00c9 compat\u00edvel com 99% dos controladores e inversores do mercado, contudo, podem ser necess\u00e1rios pequenos ajustes de configura\u00e7\u00e3o. Em caso de d\u00favidas entre em contato conosco antes da compra;<\/p>\n<p><a href=\"https:\/\/www.instagram.com\/invites\/contact\/?i=n0ryzn5omntr&amp;utm_content=qunufw3\">https:\/\/www.instagram.com\/invites\/contact\/?i=n0ryzn5omntr&amp;utm_content=qunufw3<\/a><\/p>\n<p>&nbsp;<\/p>\n","protected":false},"excerpt":{"rendered":"<p>Bateria de L\u00edtio 12.8V 200Ah\u00a0para Motorhomes, Lanchas e Aplica\u00e7\u00f5es Solares On e Off-Grid Bateria de L\u00edtio 12.8V 200Ah de \u00faltima tecnologia (L\u00edtio, Ferro e Fosfato) foi pensada para Clientes que desejam um produto vers\u00e1til para atender todas as suas necessidades energ\u00e9ticas sem a preocupa\u00e7\u00e3o com controle de carga e durabilidade de suas baterias. Equipadas com&#8230;<\/p>\n","protected":false},"featured_media":2359,"comment_status":"open","ping_status":"closed","template":"","meta":{"_exactmetrics_skip_tracking":false,"_exactmetrics_sitenote_active":false,"_exactmetrics_sitenote_note":"","_exactmetrics_sitenote_category":0,"_kad_post_transparent":"default","_kad_post_title":"","_kad_post_layout":"default","_kad_post_sidebar_id":"","_kad_post_content_style":"default","_kad_post_vertical_padding":"default","_kad_post_feature":"","_kad_post_feature_position":"","_kad_post_header":false,"_kad_post_footer":false,"_kad_post_classname":""},"product_brand":[],"product_cat":[16],"product_tag":[],"class_list":{"0":"post-2345","1":"product","2":"type-product","3":"status-publish","4":"has-post-thumbnail","6":"product_cat-baterias-de-litio","8":"first","9":"outofstock","10":"sale","11":"shipping-taxable","12":"purchasable","13":"product-type-simple","14":"entry","15":"content-bg","16":"loop-entry"},"yoast_head":"<!-- This site is optimized with the Yoast SEO plugin v27.4 - https:\/\/yoast.com\/product\/yoast-seo-wordpress\/ -->\n<title>Bateria L\u00edtio 12.8V 200Ah (Estoque no Brasil)<\/title>\n<meta name=\"description\" content=\"Bateria de L\u00edtio (LiFePO4) para Motorhomes, Lanchas e Aplica\u00e7\u00f5es Solares On e Off-Grid 12.8V 200Ah com BMS e 3 anos de garantia.\" \/>\n<meta name=\"robots\" content=\"index, follow, max-snippet:-1, max-image-preview:large, max-video-preview:-1\" \/>\n<link rel=\"canonical\" href=\"https:\/\/smartenergybrasil.com.br\/home\/bateria-de-litio\/produto\/bateria-de-litio-12-8v-200ah\/\" \/>\n<meta property=\"og:locale\" content=\"pt_BR\" \/>\n<meta property=\"og:type\" content=\"article\" \/>\n<meta property=\"og:title\" content=\"Bateria L\u00edtio 12.8V 200Ah (Estoque no Brasil)\" \/>\n<meta property=\"og:description\" content=\"Bateria de L\u00edtio (LiFePO4) para Motorhomes, Lanchas e Aplica\u00e7\u00f5es Solares On e Off-Grid 12.8V 200Ah com BMS e 3 anos de garantia.\" \/>\n<meta property=\"og:url\" content=\"https:\/\/smartenergybrasil.com.br\/home\/bateria-de-litio\/produto\/bateria-de-litio-12-8v-200ah\/\" \/>\n<meta property=\"og:site_name\" content=\"Smart Energy Brasil\" \/>\n<meta property=\"article:modified_time\" content=\"2026-03-03T23:48:33+00:00\" \/>\n<meta property=\"og:image\" content=\"https:\/\/smartenergybrasil.com.br\/wp-content\/uploads\/2024\/01\/Bateria-2560Wh-300x300-1.jpg\" \/>\n\t<meta property=\"og:image:width\" content=\"300\" \/>\n\t<meta property=\"og:image:height\" content=\"300\" \/>\n\t<meta property=\"og:image:type\" content=\"image\/jpeg\" \/>\n<meta name=\"twitter:card\" content=\"summary_large_image\" \/>\n<meta name=\"twitter:label1\" content=\"Est. tempo de leitura\" \/>\n\t<meta name=\"twitter:data1\" content=\"4 minutos\" \/>\n<script type=\"application\/ld+json\" class=\"yoast-schema-graph\">{\"@context\":\"https:\\\/\\\/schema.org\",\"@graph\":[{\"@type\":\"WebPage\",\"@id\":\"https:\\\/\\\/smartenergybrasil.com.br\\\/home\\\/bateria-de-litio\\\/produto\\\/bateria-de-litio-12-8v-200ah\\\/\",\"url\":\"https:\\\/\\\/smartenergybrasil.com.br\\\/home\\\/bateria-de-litio\\\/produto\\\/bateria-de-litio-12-8v-200ah\\\/\",\"name\":\"Bateria L\u00edtio 12.8V 200Ah (Estoque no Brasil)\",\"isPartOf\":{\"@id\":\"https:\\\/\\\/smartenergybrasil.com.br\\\/home\\\/bateria-de-litio\\\/#website\"},\"primaryImageOfPage\":{\"@id\":\"https:\\\/\\\/smartenergybrasil.com.br\\\/home\\\/bateria-de-litio\\\/produto\\\/bateria-de-litio-12-8v-200ah\\\/#primaryimage\"},\"image\":{\"@id\":\"https:\\\/\\\/smartenergybrasil.com.br\\\/home\\\/bateria-de-litio\\\/produto\\\/bateria-de-litio-12-8v-200ah\\\/#primaryimage\"},\"thumbnailUrl\":\"https:\\\/\\\/smartenergybrasil.com.br\\\/wp-content\\\/uploads\\\/2024\\\/01\\\/Bateria-2560Wh-300x300-1.jpg\",\"datePublished\":\"2024-01-21T20:20:42+00:00\",\"dateModified\":\"2026-03-03T23:48:33+00:00\",\"description\":\"Bateria de L\u00edtio (LiFePO4) para Motorhomes, Lanchas e Aplica\u00e7\u00f5es Solares On e Off-Grid 12.8V 200Ah com BMS e 3 anos de garantia.\",\"breadcrumb\":{\"@id\":\"https:\\\/\\\/smartenergybrasil.com.br\\\/home\\\/bateria-de-litio\\\/produto\\\/bateria-de-litio-12-8v-200ah\\\/#breadcrumb\"},\"inLanguage\":\"pt-BR\",\"potentialAction\":[{\"@type\":\"ReadAction\",\"target\":[\"https:\\\/\\\/smartenergybrasil.com.br\\\/home\\\/bateria-de-litio\\\/produto\\\/bateria-de-litio-12-8v-200ah\\\/\"]}]},{\"@type\":\"ImageObject\",\"inLanguage\":\"pt-BR\",\"@id\":\"https:\\\/\\\/smartenergybrasil.com.br\\\/home\\\/bateria-de-litio\\\/produto\\\/bateria-de-litio-12-8v-200ah\\\/#primaryimage\",\"url\":\"https:\\\/\\\/smartenergybrasil.com.br\\\/wp-content\\\/uploads\\\/2024\\\/01\\\/Bateria-2560Wh-300x300-1.jpg\",\"contentUrl\":\"https:\\\/\\\/smartenergybrasil.com.br\\\/wp-content\\\/uploads\\\/2024\\\/01\\\/Bateria-2560Wh-300x300-1.jpg\",\"width\":300,\"height\":300,\"caption\":\"L\u00edtio 2560Wh\"},{\"@type\":\"BreadcrumbList\",\"@id\":\"https:\\\/\\\/smartenergybrasil.com.br\\\/home\\\/bateria-de-litio\\\/produto\\\/bateria-de-litio-12-8v-200ah\\\/#breadcrumb\",\"itemListElement\":[{\"@type\":\"ListItem\",\"position\":1,\"name\":\"In\u00edcio\",\"item\":\"https:\\\/\\\/smartenergybrasil.com.br\\\/home\\\/bateria-de-litio\\\/\"},{\"@type\":\"ListItem\",\"position\":2,\"name\":\"Loja\",\"item\":\"https:\\\/\\\/smartenergybrasil.com.br\\\/home\\\/bateria-de-litio\\\/bateria-estacionaria-de-litio\\\/\"},{\"@type\":\"ListItem\",\"position\":3,\"name\":\"Bateria L\u00edtio 12.8V 200Ah (Estoque no Brasil)\"}]},{\"@type\":\"WebSite\",\"@id\":\"https:\\\/\\\/smartenergybrasil.com.br\\\/home\\\/bateria-de-litio\\\/#website\",\"url\":\"https:\\\/\\\/smartenergybrasil.com.br\\\/home\\\/bateria-de-litio\\\/\",\"name\":\"Smart Energy Brasil\",\"description\":\"Bateria de L\u00edtio para Motorhomes\",\"publisher\":{\"@id\":\"https:\\\/\\\/smartenergybrasil.com.br\\\/home\\\/bateria-de-litio\\\/#organization\"},\"potentialAction\":[{\"@type\":\"SearchAction\",\"target\":{\"@type\":\"EntryPoint\",\"urlTemplate\":\"https:\\\/\\\/smartenergybrasil.com.br\\\/home\\\/bateria-de-litio\\\/?s={search_term_string}\"},\"query-input\":{\"@type\":\"PropertyValueSpecification\",\"valueRequired\":true,\"valueName\":\"search_term_string\"}}],\"inLanguage\":\"pt-BR\"},{\"@type\":\"Organization\",\"@id\":\"https:\\\/\\\/smartenergybrasil.com.br\\\/home\\\/bateria-de-litio\\\/#organization\",\"name\":\"Smart Energy Brasil\",\"url\":\"https:\\\/\\\/smartenergybrasil.com.br\\\/home\\\/bateria-de-litio\\\/\",\"logo\":{\"@type\":\"ImageObject\",\"inLanguage\":\"pt-BR\",\"@id\":\"https:\\\/\\\/smartenergybrasil.com.br\\\/home\\\/bateria-de-litio\\\/#\\\/schema\\\/logo\\\/image\\\/\",\"url\":\"https:\\\/\\\/smartenergybrasil.com.br\\\/wp-content\\\/uploads\\\/2023\\\/03\\\/cropped-Logo-fundo-Preto.png\",\"contentUrl\":\"https:\\\/\\\/smartenergybrasil.com.br\\\/wp-content\\\/uploads\\\/2023\\\/03\\\/cropped-Logo-fundo-Preto.png\",\"width\":120,\"height\":163,\"caption\":\"Smart Energy Brasil\"},\"image\":{\"@id\":\"https:\\\/\\\/smartenergybrasil.com.br\\\/home\\\/bateria-de-litio\\\/#\\\/schema\\\/logo\\\/image\\\/\"}}]}<\/script>\n<!-- \/ Yoast SEO plugin. -->","yoast_head_json":{"title":"Bateria L\u00edtio 12.8V 200Ah (Estoque no Brasil)","description":"Bateria de L\u00edtio (LiFePO4) para Motorhomes, Lanchas e Aplica\u00e7\u00f5es Solares On e Off-Grid 12.8V 200Ah com BMS e 3 anos de garantia.","robots":{"index":"index","follow":"follow","max-snippet":"max-snippet:-1","max-image-preview":"max-image-preview:large","max-video-preview":"max-video-preview:-1"},"canonical":"https:\/\/smartenergybrasil.com.br\/home\/bateria-de-litio\/produto\/bateria-de-litio-12-8v-200ah\/","og_locale":"pt_BR","og_type":"article","og_title":"Bateria L\u00edtio 12.8V 200Ah (Estoque no Brasil)","og_description":"Bateria de L\u00edtio (LiFePO4) para Motorhomes, Lanchas e Aplica\u00e7\u00f5es Solares On e Off-Grid 12.8V 200Ah com BMS e 3 anos de garantia.","og_url":"https:\/\/smartenergybrasil.com.br\/home\/bateria-de-litio\/produto\/bateria-de-litio-12-8v-200ah\/","og_site_name":"Smart Energy Brasil","article_modified_time":"2026-03-03T23:48:33+00:00","og_image":[{"width":300,"height":300,"url":"https:\/\/smartenergybrasil.com.br\/wp-content\/uploads\/2024\/01\/Bateria-2560Wh-300x300-1.jpg","type":"image\/jpeg"}],"twitter_card":"summary_large_image","twitter_misc":{"Est. tempo de leitura":"4 minutos"},"schema":{"@context":"https:\/\/schema.org","@graph":[{"@type":"WebPage","@id":"https:\/\/smartenergybrasil.com.br\/home\/bateria-de-litio\/produto\/bateria-de-litio-12-8v-200ah\/","url":"https:\/\/smartenergybrasil.com.br\/home\/bateria-de-litio\/produto\/bateria-de-litio-12-8v-200ah\/","name":"Bateria L\u00edtio 12.8V 200Ah (Estoque no Brasil)","isPartOf":{"@id":"https:\/\/smartenergybrasil.com.br\/home\/bateria-de-litio\/#website"},"primaryImageOfPage":{"@id":"https:\/\/smartenergybrasil.com.br\/home\/bateria-de-litio\/produto\/bateria-de-litio-12-8v-200ah\/#primaryimage"},"image":{"@id":"https:\/\/smartenergybrasil.com.br\/home\/bateria-de-litio\/produto\/bateria-de-litio-12-8v-200ah\/#primaryimage"},"thumbnailUrl":"https:\/\/smartenergybrasil.com.br\/wp-content\/uploads\/2024\/01\/Bateria-2560Wh-300x300-1.jpg","datePublished":"2024-01-21T20:20:42+00:00","dateModified":"2026-03-03T23:48:33+00:00","description":"Bateria de L\u00edtio (LiFePO4) para Motorhomes, Lanchas e Aplica\u00e7\u00f5es Solares On e Off-Grid 12.8V 200Ah com BMS e 3 anos de garantia.","breadcrumb":{"@id":"https:\/\/smartenergybrasil.com.br\/home\/bateria-de-litio\/produto\/bateria-de-litio-12-8v-200ah\/#breadcrumb"},"inLanguage":"pt-BR","potentialAction":[{"@type":"ReadAction","target":["https:\/\/smartenergybrasil.com.br\/home\/bateria-de-litio\/produto\/bateria-de-litio-12-8v-200ah\/"]}]},{"@type":"ImageObject","inLanguage":"pt-BR","@id":"https:\/\/smartenergybrasil.com.br\/home\/bateria-de-litio\/produto\/bateria-de-litio-12-8v-200ah\/#primaryimage","url":"https:\/\/smartenergybrasil.com.br\/wp-content\/uploads\/2024\/01\/Bateria-2560Wh-300x300-1.jpg","contentUrl":"https:\/\/smartenergybrasil.com.br\/wp-content\/uploads\/2024\/01\/Bateria-2560Wh-300x300-1.jpg","width":300,"height":300,"caption":"L\u00edtio 2560Wh"},{"@type":"BreadcrumbList","@id":"https:\/\/smartenergybrasil.com.br\/home\/bateria-de-litio\/produto\/bateria-de-litio-12-8v-200ah\/#breadcrumb","itemListElement":[{"@type":"ListItem","position":1,"name":"In\u00edcio","item":"https:\/\/smartenergybrasil.com.br\/home\/bateria-de-litio\/"},{"@type":"ListItem","position":2,"name":"Loja","item":"https:\/\/smartenergybrasil.com.br\/home\/bateria-de-litio\/bateria-estacionaria-de-litio\/"},{"@type":"ListItem","position":3,"name":"Bateria L\u00edtio 12.8V 200Ah (Estoque no Brasil)"}]},{"@type":"WebSite","@id":"https:\/\/smartenergybrasil.com.br\/home\/bateria-de-litio\/#website","url":"https:\/\/smartenergybrasil.com.br\/home\/bateria-de-litio\/","name":"Smart Energy Brasil","description":"Bateria de L\u00edtio para Motorhomes","publisher":{"@id":"https:\/\/smartenergybrasil.com.br\/home\/bateria-de-litio\/#organization"},"potentialAction":[{"@type":"SearchAction","target":{"@type":"EntryPoint","urlTemplate":"https:\/\/smartenergybrasil.com.br\/home\/bateria-de-litio\/?s={search_term_string}"},"query-input":{"@type":"PropertyValueSpecification","valueRequired":true,"valueName":"search_term_string"}}],"inLanguage":"pt-BR"},{"@type":"Organization","@id":"https:\/\/smartenergybrasil.com.br\/home\/bateria-de-litio\/#organization","name":"Smart Energy Brasil","url":"https:\/\/smartenergybrasil.com.br\/home\/bateria-de-litio\/","logo":{"@type":"ImageObject","inLanguage":"pt-BR","@id":"https:\/\/smartenergybrasil.com.br\/home\/bateria-de-litio\/#\/schema\/logo\/image\/","url":"https:\/\/smartenergybrasil.com.br\/wp-content\/uploads\/2023\/03\/cropped-Logo-fundo-Preto.png","contentUrl":"https:\/\/smartenergybrasil.com.br\/wp-content\/uploads\/2023\/03\/cropped-Logo-fundo-Preto.png","width":120,"height":163,"caption":"Smart Energy Brasil"},"image":{"@id":"https:\/\/smartenergybrasil.com.br\/home\/bateria-de-litio\/#\/schema\/logo\/image\/"}}]}},"jetpack_sharing_enabled":true,"_links":{"self":[{"href":"https:\/\/smartenergybrasil.com.br\/home\/bateria-de-litio\/wp-json\/wp\/v2\/product\/2345","targetHints":{"allow":["GET"]}}],"collection":[{"href":"https:\/\/smartenergybrasil.com.br\/home\/bateria-de-litio\/wp-json\/wp\/v2\/product"}],"about":[{"href":"https:\/\/smartenergybrasil.com.br\/home\/bateria-de-litio\/wp-json\/wp\/v2\/types\/product"}],"replies":[{"embeddable":true,"href":"https:\/\/smartenergybrasil.com.br\/home\/bateria-de-litio\/wp-json\/wp\/v2\/comments?post=2345"}],"wp:featuredmedia":[{"embeddable":true,"href":"https:\/\/smartenergybrasil.com.br\/home\/bateria-de-litio\/wp-json\/wp\/v2\/media\/2359"}],"wp:attachment":[{"href":"https:\/\/smartenergybrasil.com.br\/home\/bateria-de-litio\/wp-json\/wp\/v2\/media?parent=2345"}],"wp:term":[{"taxonomy":"product_brand","embeddable":true,"href":"https:\/\/smartenergybrasil.com.br\/home\/bateria-de-litio\/wp-json\/wp\/v2\/product_brand?post=2345"},{"taxonomy":"product_cat","embeddable":true,"href":"https:\/\/smartenergybrasil.com.br\/home\/bateria-de-litio\/wp-json\/wp\/v2\/product_cat?post=2345"},{"taxonomy":"product_tag","embeddable":true,"href":"https:\/\/smartenergybrasil.com.br\/home\/bateria-de-litio\/wp-json\/wp\/v2\/product_tag?post=2345"}],"curies":[{"name":"wp","href":"https:\/\/api.w.org\/{rel}","templated":true}]}}